{"id":1343,"date":"2013-09-06T12:45:18","date_gmt":"2013-09-06T10:45:18","guid":{"rendered":"http:\/\/gwps.vot.pl\/theburnnout\/?page_id=1343"},"modified":"2021-11-06T11:03:36","modified_gmt":"2021-11-06T11:03:36","slug":"wypalenie-zawodowe-przyklady","status":"publish","type":"page","link":"https:\/\/gwps.pl\/coaching\/home-2\/wypalenie-zawodowe-przyklady\/","title":{"rendered":"Jak z wypaleniem zawodowym poradzili sobie inni?"},"content":{"rendered":"<p style=\"text-align: justify;\"><img decoding=\"async\" class=\"alignleft wp-image-1898 size-full\" src=\"http:\/\/gwps.vot.pl\/theburnnout\/files\/2013\/09\/coaching_presentation_300x200.jpg\" alt=\"wypalenie zawodowe przyk\u0142ady\" width=\"300\" height=\"200\" \/>Zach\u0119camy Ci\u0119 do zapoznania si\u0119 z przypadkami wypalenia zawodowego innych, jak r\u00f3wnie\u017c zastosowanych rozwi\u0105za\u0144. Ka\u017cda z opisanych os\u00f3b wystawiona by\u0142a na dzia\u0142anie d\u0142ugotrwa\u0142ego stresu, jednak\u017ce w ko\u0144cu uda\u0142o si\u0119 jej znale\u017a\u0107 drog\u0119 wyj\u015bcia z sytuacji. By\u0107 mo\u017ce kt\u00f3ra\u015b z sytuacji b\u0119dzie przypomina\u0142a Twoj\u0105. Je\u015bli tak, to zapraszamy Ci\u0119 do zapoznania si\u0119 z <a title=\"Coaching online\" href=\"http:\/\/gwps.vot.pl\/theburnnout\/coaching-online-pl\/\">kilkoma prostymi \u0107wiczeniami<\/a>, kt\u00f3re mo\u017cesz wykona\u0107 sam\/a. Gdyby zrodzi\u0142y Ci si\u0119 pytania lub wnioski, kt\u00f3re chcia\u0142by\u015b\/chcia\u0142aby\u015b skonsultowa\u0107, <a title=\"Skontaktuj si\u0119 z profesjonalnym coachem\" href=\"http:\/\/gwps.vot.pl\/theburnnout\/skontaktuj-sie-z-profesjonalnym-coachem\/\">skontaktuj si\u0119 z nami<\/a>.<\/p>\n<h3 style=\"text-align: justify;\">Wypalenie zawodowe przyk\u0142ady<\/h3>\n<p>[post-list category=przyklady-wypalenia-zawodowego show_excerpt=1 excerpt_length=60 orderby=date]<\/p>\n<p><span style=\"font-size: 8px;\">\u00a0*Dane personalne zosta\u0142y zmienione<br \/>\n<\/span><\/p>\n","protected":false},"excerpt":{"rendered":"<p>Zach\u0119camy Ci\u0119 do zapoznania si\u0119 z przypadkami wypalenia zawodowego innych, jak r\u00f3wnie\u017c zastosowanych rozwi\u0105za\u0144. Ka\u017cda z opisanych os\u00f3b wystawiona by\u0142a na dzia\u0142anie d\u0142ugotrwa\u0142ego stresu, jednak\u017ce w ko\u0144cu uda\u0142o &hellip;<\/p>\n","protected":false},"author":1,"featured_media":0,"parent":2649,"menu_order":0,"comment_status":"closed","ping_status":"open","template":"","meta":{"footnotes":""},"class_list":["post-1343","page","type-page","status-publish","hentry"],"_links":{"self":[{"href":"https:\/\/gwps.pl\/coaching\/wp-json\/wp\/v2\/pages\/1343","targetHints":{"allow":["GET"]}}],"collection":[{"href":"https:\/\/gwps.pl\/coaching\/wp-json\/wp\/v2\/pages"}],"about":[{"href":"https:\/\/gwps.pl\/coaching\/wp-json\/wp\/v2\/types\/page"}],"author":[{"embeddable":true,"href":"https:\/\/gwps.pl\/coaching\/wp-json\/wp\/v2\/users\/1"}],"replies":[{"embeddable":true,"href":"https:\/\/gwps.pl\/coaching\/wp-json\/wp\/v2\/comments?post=1343"}],"version-history":[{"count":0,"href":"https:\/\/gwps.pl\/coaching\/wp-json\/wp\/v2\/pages\/1343\/revisions"}],"up":[{"embeddable":true,"href":"https:\/\/gwps.pl\/coaching\/wp-json\/wp\/v2\/pages\/2649"}],"wp:attachment":[{"href":"https:\/\/gwps.pl\/coaching\/wp-json\/wp\/v2\/media?parent=1343"}],"curies":[{"name":"wp","href":"https:\/\/api.w.org\/{rel}","templated":true}]}}