{"id":2649,"date":"2014-03-24T22:05:53","date_gmt":"2014-03-24T21:05:53","guid":{"rendered":"http:\/\/gwps.vot.pl\/theburnnout\/?page_id=885"},"modified":"2021-09-28T08:37:53","modified_gmt":"2021-09-28T08:37:53","slug":"home-2","status":"publish","type":"page","link":"https:\/\/gwps.pl\/coaching\/home-2\/","title":{"rendered":"Dytyczy Ci\u0119 wypalenie zawodowe?"},"content":{"rendered":"<p>Czy od d\u0142u\u017cszego czasu masz wra\u017cenie, \u017ce co\u015b Ci\u0119 przygniata? Dzia\u0142asz w stresie, pod ci\u0105g\u0142\u0105 presj\u0105? Czujesz si\u0119 bezradny, wyczerpany? Pozby\u0142e\u015b si\u0119 z\u0142udze\u0144? By\u0107 mo\u017ce do\u015bwiadczasz <em>wypalenia zawodowego<\/em>. Osoby wypalone zawodowo czuj\u0105 bezcelowo\u015b\u0107 \u017cycia zawodowego i osobistego. Problemy staj\u0105 si\u0119 nieprzekraczalnymi barierami, a \u015bwiat nabiera ciemnej barwy.<\/p><p>Je\u017celi dotkni\u0119ta wypaleniem osoba nie poszuka pomocy i nie zmieni swojej sytuacji mo\u017ce ono negatywnie wp\u0142ywa\u0107 zar\u00f3wno na jej sfer\u0119 zawodow\u0105, jak i prywatn\u0105, zdrowie psychiczne i fizyczne.<\/p><p>Wypaleniu mo\u017cna zapobiega\u0107. Z wypalenia mo\u017cna wyj\u015b\u0107. Na tej stronie dowiesz si\u0119 czym jest <a href=\"https:\/\/gwps.pl\/coaching\/definicja-wypalenie-zawodowe\/\" data-type=\"post\" data-id=\"1381\"><strong>wypalenie zawodowe<\/strong><\/a>, co mo\u017cesz zrobi\u0107 sam lub z jakiego wsparcia skorzysta\u0107<\/p><p>Ta strony jest efektem wsp\u00f3\u0142pracy w ramach europejskiego projektu &#8222;Coaching Burnout Syndrome Solution&#8221; finansowanego z programu Unii Europejskiej Grundvig. Zebrana wiedza, praktyka i metody radzenia sobie z wypaleniem zawodowym zosta\u0142y opracowane i zaprezentowane przy udziale organizacji <a title=\"Antares Societ\u00e0 per lo sviluppo dei sistemi organizzativi\" href=\"http:\/\/gwps.vot.pl\/theburnnout\/antares\/\">Antares<\/a> (W\u0142ochy), <a title=\"ibos \u2013 The institute for burnout and stress management\" href=\"http:\/\/gwps.vot.pl\/theburnnout\/ibos-the-institute-for-burnout-and-stress-management\/\">IBOS<\/a> (Austria), <a href=\"http:\/\/home\" data-type=\"URL\" data-id=\"home\">GWPS<\/a> (Polska) and <a title=\"NLP Gate\" href=\"http:\/\/gwps.vot.pl\/theburnnout\/nlp-gate\/\">NLPGate<\/a> (Wielka Brytania). Projekt zrealizowany zosta\u0142 w latach 2012-2014 i zwi\u0105zany by\u0142 z badaniami, wymian\u0105 wiedzy i transferem dobrych praktyk z kraj\u00f3w partnerskich. Uwzgl\u0119dnione zosta\u0142y w nim r\u00f3wnie\u017c aspekty kulturowe i j\u0119zykowe umo\u017cliwiaj\u0105ce wygodne korzystanie z informacji na tej stronie osobom nie zwi\u0105zanym z tematyk\u0105 psychologii i psychoterapii po angielsku, polsku, w\u0142osku i niemiecku.<\/p><p>Wierzymy, \u017ce przedstawione informacje oka\u017c\u0105 si\u0119 przydatne. Pomog\u0105 jeszcze lepiej zrozumie\u0107, czym jest i czym nie jest <em><strong>wypalenie zawodowe<\/strong><\/em>. Umo\u017cliwi\u0105 zapobieganie i radzenie sobie z syndromem. Zapraszamy do <a href=\"https:\/\/gwps.pl\/coaching\/kontakt\/\" data-type=\"page\" data-id=\"17\">kontaktu<\/a>.<\/p>","protected":false},"excerpt":{"rendered":"<p>Czy od d\u0142u\u017cszego czasu masz wra\u017cenie, \u017ce co\u015b Ci\u0119 przygniata? Dzia\u0142asz w stresie, pod ci\u0105g\u0142\u0105 presj\u0105? Czujesz si\u0119 bezradny, wyczerpany? Pozby\u0142e\u015b si\u0119 z\u0142udze\u0144? By\u0107 mo\u017ce do\u015bwiadczasz wypalenia zawodowego. &hellip;<\/p>\n","protected":false},"author":1,"featured_media":0,"parent":0,"menu_order":0,"comment_status":"closed","ping_status":"closed","template":"","meta":{"footnotes":""},"class_list":["post-2649","page","type-page","status-publish","hentry"],"_links":{"self":[{"href":"https:\/\/gwps.pl\/coaching\/wp-json\/wp\/v2\/pages\/2649","targetHints":{"allow":["GET"]}}],"collection":[{"href":"https:\/\/gwps.pl\/coaching\/wp-json\/wp\/v2\/pages"}],"about":[{"href":"https:\/\/gwps.pl\/coaching\/wp-json\/wp\/v2\/types\/page"}],"author":[{"embeddable":true,"href":"https:\/\/gwps.pl\/coaching\/wp-json\/wp\/v2\/users\/1"}],"replies":[{"embeddable":true,"href":"https:\/\/gwps.pl\/coaching\/wp-json\/wp\/v2\/comments?post=2649"}],"version-history":[{"count":0,"href":"https:\/\/gwps.pl\/coaching\/wp-json\/wp\/v2\/pages\/2649\/revisions"}],"wp:attachment":[{"href":"https:\/\/gwps.pl\/coaching\/wp-json\/wp\/v2\/media?parent=2649"}],"curies":[{"name":"wp","href":"https:\/\/api.w.org\/{rel}","templated":true}]}}