{"id":70,"date":"2021-08-12T11:53:01","date_gmt":"2021-08-12T11:53:01","guid":{"rendered":"http:\/\/gwps.vot.pl\/strona-glowna\/"},"modified":"2024-12-05T17:27:59","modified_gmt":"2024-12-05T17:27:59","slug":"strona-glowna","status":"publish","type":"page","link":"https:\/\/gwps.pl\/coaching\/","title":{"rendered":""},"content":{"rendered":"<div class=\"wp-block-columns is-layout-flex wp-container-core-columns-is-layout-9d6595d7 wp-block-columns-is-layout-flex\"><div class=\"wp-block-column is-layout-flow wp-block-column-is-layout-flow\"><div class=\"wp-block-query is-layout-flow wp-block-query-is-layout-flow\"><ul class=\"wp-block-post-template is-layout-flow wp-block-post-template-is-layout-flow\"><li class=\"wp-block-post post-148 post type-post status-publish format-standard has-post-thumbnail hentry category-kim-jestesmy\"><div style=\"height:64px\" aria-hidden=\"true\" class=\"wp-block-spacer\"><\/div>\n\n<h2 class=\"has-text-align-center wp-block-post-title\"><a href=\"https:\/\/gwps.pl\/coaching\/monika-zubrzycka-nowak\/\" target=\"_self\" >Monika Zubrzycka-Nowak<\/a><\/h2>\n\n<figure class=\"aligncenter has-text-align-center wp-block-post-featured-image wp-duotone-unset-1\"><a href=\"https:\/\/gwps.pl\/coaching\/monika-zubrzycka-nowak\/\" target=\"_self\"  ><img decoding=\"async\" width=\"300\" height=\"300\" src=\"https:\/\/gwps.pl\/coaching\/wp-content\/uploads\/2021\/08\/monika-zubrzycka-nowak-coach-trener-terapeuta-1568x1568.jpg\" class=\"attachment-post-thumbnail size-post-thumbnail wp-post-image\" alt=\"Monika Zubrzycka-Nowak\" style=\"object-fit:cover;\" srcset=\"https:\/\/gwps.pl\/coaching\/wp-content\/uploads\/2021\/08\/monika-zubrzycka-nowak-coach-trener-terapeuta-1568x1568.jpg 1568w, https:\/\/gwps.pl\/coaching\/wp-content\/uploads\/2021\/08\/monika-zubrzycka-nowak-coach-trener-terapeuta-300x300.jpg 300w, https:\/\/gwps.pl\/coaching\/wp-content\/uploads\/2021\/08\/monika-zubrzycka-nowak-coach-trener-terapeuta-100x100.jpg 100w, https:\/\/gwps.pl\/coaching\/wp-content\/uploads\/2021\/08\/monika-zubrzycka-nowak-coach-trener-terapeuta-600x600.jpg 600w, https:\/\/gwps.pl\/coaching\/wp-content\/uploads\/2021\/08\/monika-zubrzycka-nowak-coach-trener-terapeuta-1024x1024.jpg 1024w, https:\/\/gwps.pl\/coaching\/wp-content\/uploads\/2021\/08\/monika-zubrzycka-nowak-coach-trener-terapeuta-150x150.jpg 150w, https:\/\/gwps.pl\/coaching\/wp-content\/uploads\/2021\/08\/monika-zubrzycka-nowak-coach-trener-terapeuta-768x768.jpg 768w, https:\/\/gwps.pl\/coaching\/wp-content\/uploads\/2021\/08\/monika-zubrzycka-nowak-coach-trener-terapeuta-1536x1536.jpg 1536w, https:\/\/gwps.pl\/coaching\/wp-content\/uploads\/2021\/08\/monika-zubrzycka-nowak-coach-trener-terapeuta.jpg 1920w\" sizes=\"(max-width: 300px) 100vw, 300px\" \/><\/a><\/figure>\n\n<div style=\"height:24px\" aria-hidden=\"true\" class=\"wp-block-spacer\"><\/div>\n\n<div class=\"has-text-align-center wp-block-post-excerpt\"><p class=\"wp-block-post-excerpt__excerpt\">Zaczyna\u0142am od fizyki \u2013 studiowa\u0142am j\u0105 z pasj\u0105 i przez 12 lat pracowa\u0142am na uczelni jako fizyk. Jednak to cz\u0142owiek, a nie atomy, okaza\u0142 si\u0119 moj\u0105 najwi\u0119ksz\u0105 fascynacj\u0105, dlatego po\u015bwi\u0119ci\u0142am kolejne lata na nauk\u0119 pracy z drugim cz\u0142owiekiem w r\u00f3\u017cnych szko\u0142ach i systemach. Od 1999 roku prowadz\u0119 firm\u0119 szkoleniow\u0105 GWPS, gdzie wspieram innych w rozwoju&hellip;<\/p><p class=\"wp-block-post-excerpt__more-text\"><a class=\"wp-block-post-excerpt__more-link\" href=\"https:\/\/gwps.pl\/coaching\/monika-zubrzycka-nowak\/\"> Czytaj dalej &#8230; <\/a><\/p><\/div>\n\n<hr class=\"wp-block-separator has-css-opacity\"\/><\/li><\/ul><\/div><\/div>\n\n<div class=\"wp-block-column is-layout-flow wp-block-column-is-layout-flow\"><div class=\"wp-block-query is-layout-flow wp-block-query-is-layout-flow\"><ul class=\"wp-block-post-template is-layout-flow wp-block-post-template-is-layout-flow\"><li class=\"wp-block-post post-791 post type-post status-publish format-standard has-post-thumbnail hentry category-kim-jestesmy\"><div style=\"height:64px\" aria-hidden=\"true\" class=\"wp-block-spacer\"><\/div>\n\n<h2 class=\"has-text-align-center wp-block-post-title\"><a href=\"https:\/\/gwps.pl\/coaching\/krzysztof-michal-nowak-akredytowany-coach-i-trener\/\" target=\"_self\" >Krzysztof Micha\u0142 Nowak<\/a><\/h2>\n\n<figure style=\"aspect-ratio:auto;\" class=\"aligncenter has-text-align-center wp-block-post-featured-image wp-duotone-unset-2\"><a href=\"https:\/\/gwps.pl\/coaching\/krzysztof-michal-nowak-akredytowany-coach-i-trener\/\" target=\"_self\"  ><img decoding=\"async\" width=\"300\" height=\"300\" src=\"https:\/\/gwps.pl\/coaching\/wp-content\/uploads\/2021\/08\/Krzysiek_profil_compressed_square.jpg\" class=\"attachment-post-thumbnail size-post-thumbnail wp-post-image\" alt=\"Krzysztof Micha\u0142 Nowak\" style=\"width:100%;height:100%;object-fit:cover;\" srcset=\"https:\/\/gwps.pl\/coaching\/wp-content\/uploads\/2021\/08\/Krzysiek_profil_compressed_square.jpg 1302w, https:\/\/gwps.pl\/coaching\/wp-content\/uploads\/2021\/08\/Krzysiek_profil_compressed_square-300x300.jpg 300w, https:\/\/gwps.pl\/coaching\/wp-content\/uploads\/2021\/08\/Krzysiek_profil_compressed_square-100x100.jpg 100w, https:\/\/gwps.pl\/coaching\/wp-content\/uploads\/2021\/08\/Krzysiek_profil_compressed_square-600x600.jpg 600w, https:\/\/gwps.pl\/coaching\/wp-content\/uploads\/2021\/08\/Krzysiek_profil_compressed_square-1024x1024.jpg 1024w, https:\/\/gwps.pl\/coaching\/wp-content\/uploads\/2021\/08\/Krzysiek_profil_compressed_square-150x150.jpg 150w, https:\/\/gwps.pl\/coaching\/wp-content\/uploads\/2021\/08\/Krzysiek_profil_compressed_square-768x769.jpg 768w\" sizes=\"(max-width: 300px) 100vw, 300px\" \/><\/a><\/figure>\n\n<div style=\"height:24px\" aria-hidden=\"true\" class=\"wp-block-spacer\"><\/div>\n\n<div class=\"has-text-align-center wp-block-post-excerpt\"><p class=\"wp-block-post-excerpt__excerpt\">\u017beby skutecznie wspiera\u0107 innych, trzeba najpierw umie\u0107 pom\u00f3c sobie \u2013 i to najlepiej wi\u0119cej ni\u017c raz, bo to rzadko dzia\u0142a za pierwszym podej\u015bciem. Prowadz\u0119 razem z Monik\u0105 kurs coachingu \u2013 \u017ceby ludzie mogli odnale\u017a\u0107 swoj\u0105 drog\u0119 w chaosie codzienno\u015bci. I wiesz co? To dzia\u0142a, cho\u0107 czasem wymaga wi\u0119cej cierpliwo\u015bci ni\u017c maj\u0105 moje dzieci podczas wstawiania&hellip;<\/p><p class=\"wp-block-post-excerpt__more-text\"><a class=\"wp-block-post-excerpt__more-link\" href=\"https:\/\/gwps.pl\/coaching\/krzysztof-michal-nowak-akredytowany-coach-i-trener\/\">Czytaj dalej &#8230;<\/a><\/p><\/div>\n\n<hr class=\"wp-block-separator has-css-opacity\"\/><\/li><\/ul><\/div><\/div><\/div><div class=\"wp-block-columns alignfull is-layout-flex wp-container-core-columns-is-layout-9d6595d7 wp-block-columns-is-layout-flex\"><div class=\"wp-block-column is-layout-flow wp-block-column-is-layout-flow\"><div class=\"wp-block-query is-layout-flow wp-block-query-is-layout-flow\"><div class=\"wp-block-columns is-layout-flex wp-container-core-columns-is-layout-9d6595d7 wp-block-columns-is-layout-flex\"><div class=\"wp-block-column is-layout-flow wp-block-column-is-layout-flow\" style=\"flex-basis:100%\"><div class=\"wp-block-columns is-layout-flex wp-container-core-columns-is-layout-9d6595d7 wp-block-columns-is-layout-flex\"><div class=\"wp-block-column is-vertically-aligned-top is-layout-flow wp-block-column-is-layout-flow\"><div style=\"height:64px\" aria-hidden=\"true\" class=\"wp-block-spacer\"><\/div>\n\n<div class=\"wp-block-image is-resized\"><figure class=\"aligncenter size-full\"><img decoding=\"async\" width=\"512\" height=\"512\" src=\"https:\/\/gwps.pl\/coaching\/wp-content\/uploads\/2021\/10\/mortarboard.png\" alt=\"Studium Coacha Life StartUp kurs coachingu\" class=\"wp-image-2871\" style=\"width:120px\" srcset=\"https:\/\/gwps.pl\/coaching\/wp-content\/uploads\/2021\/10\/mortarboard.png 512w, https:\/\/gwps.pl\/coaching\/wp-content\/uploads\/2021\/10\/mortarboard-300x300.png 300w, https:\/\/gwps.pl\/coaching\/wp-content\/uploads\/2021\/10\/mortarboard-150x150.png 150w, https:\/\/gwps.pl\/coaching\/wp-content\/uploads\/2021\/10\/mortarboard-100x100.png 100w\" sizes=\"(max-width: 512px) 100vw, 512px\" \/><\/figure><\/div>\n\n<h2 class=\"wp-block-heading has-text-align-center has-large-font-size\">Studium Coacha Life<\/h2>\n\n<h3 class=\"wp-block-heading has-text-align-center has-text-color has-normal-font-size\" style=\"color:#9c9c9c\">Akredytowany kurs coachingu<\/h3>\n\n<hr class=\"wp-block-separator has-text-color has-accent-1-color has-css-opacity has-accent-1-background-color has-background is-style-default\"\/>\n\n<p class=\"has-text-align-center Center-block\">Zapraszamy w niezwyk\u0142\u0105 podr\u00f3\u017c, podczas kt\u00f3rej poznasz mechanizmy rz\u0105dz\u0105ce rozwojem i post\u0119powaniem cz\u0142owieka. Przygotuj si\u0119 na wymagaj\u0105cy zaanga\u017cowania, szczero\u015bci wobec siebie i otwarto\u015bci proces. W praktyce opanujesz i zaczniesz stosowa\u0107 umiej\u0119tno\u015bci coacha.<\/p>\n\n<div class=\"wp-block-buttons is-vertical is-content-justification-center is-layout-flex wp-container-core-buttons-is-layout-9a7cdcfd wp-block-buttons-is-layout-flex\"><div class=\"wp-block-button has-custom-width wp-block-button__width-100 has-custom-font-size is-style-fill has-normal-font-size\"><a class=\"wp-block-button__link has-accent-1-background-color has-background wp-element-button\" href=\"https:\/\/gwps.pl\/coaching\/studium-coacha-life\/\" style=\"border-radius:5px\">Wi\u0119cej informacji o kursie &#8230;<\/a><\/div><\/div><\/div>\n\n<div class=\"wp-block-column is-vertically-aligned-top is-layout-flow wp-block-column-is-layout-flow\"><div style=\"height:64px\" aria-hidden=\"true\" class=\"wp-block-spacer\"><\/div>\n\n<div class=\"wp-block-image is-resized\"><figure class=\"aligncenter size-full\"><img decoding=\"async\" width=\"512\" height=\"512\" src=\"https:\/\/gwps.pl\/coaching\/wp-content\/uploads\/2021\/10\/trophy.png\" alt=\"Superwizja Coacha - samodoskonalenie\" class=\"wp-image-2869\" style=\"width:120px\" srcset=\"https:\/\/gwps.pl\/coaching\/wp-content\/uploads\/2021\/10\/trophy.png 512w, https:\/\/gwps.pl\/coaching\/wp-content\/uploads\/2021\/10\/trophy-300x300.png 300w, https:\/\/gwps.pl\/coaching\/wp-content\/uploads\/2021\/10\/trophy-150x150.png 150w, https:\/\/gwps.pl\/coaching\/wp-content\/uploads\/2021\/10\/trophy-100x100.png 100w\" sizes=\"(max-width: 512px) 100vw, 512px\" \/><\/figure><\/div>\n\n<h2 class=\"wp-block-heading has-text-align-center has-large-font-size\">Superwizja coachingu<\/h2>\n\n<h3 class=\"wp-block-heading has-text-align-center has-text-color has-normal-font-size\" style=\"color:#9c9c9c\">Samodoskonalenie coacha<\/h3>\n\n<hr class=\"wp-block-separator has-text-color has-accent-1-color has-css-opacity has-accent-1-background-color has-background\"\/>\n\n<p class=\"has-text-align-center Center-block\">Wspieramy wszelkie dzia\u0142ania maj\u0105ce wprowadza\u0107 i podnosi\u0107 standardy pracy coacha. Superwizja w rozumieniu Izby Coachingu to proces, kt\u00f3ry s\u0142u\u017cy refleksyjnemu uczeniu si\u0119 zar\u00f3wno osoby z niej korzystaj\u0105cej jak i superwizora. Zapraszamy wszystkich coach\u00f3w na spotkania superwizyjne.<\/p>\n\n<div class=\"wp-block-buttons is-vertical is-content-justification-center is-layout-flex wp-container-core-buttons-is-layout-9a7cdcfd wp-block-buttons-is-layout-flex\"><div class=\"wp-block-button has-custom-width wp-block-button__width-100 has-custom-font-size is-style-fill has-normal-font-size\"><a class=\"wp-block-button__link has-accent-1-background-color has-background wp-element-button\" href=\"https:\/\/gwps.pl\/coaching\/superwizja\/\" style=\"border-radius:5px\">Um\u00f3w si\u0119 na superwizj\u0119 &#8230;<\/a><\/div><\/div><\/div>\n\n<div class=\"wp-block-column is-vertically-aligned-top is-layout-flow wp-block-column-is-layout-flow\"><div style=\"height:64px\" aria-hidden=\"true\" class=\"wp-block-spacer\"><\/div>\n\n<div class=\"wp-block-image is-resized\"><figure class=\"aligncenter size-full\"><img decoding=\"async\" width=\"512\" height=\"512\" src=\"https:\/\/gwps.pl\/coaching\/wp-content\/uploads\/2021\/10\/colour.png\" alt=\"Coaching PowerUp - warsztat coachingu\" class=\"wp-image-2870\" style=\"width:120px\" srcset=\"https:\/\/gwps.pl\/coaching\/wp-content\/uploads\/2021\/10\/colour.png 512w, https:\/\/gwps.pl\/coaching\/wp-content\/uploads\/2021\/10\/colour-300x300.png 300w, https:\/\/gwps.pl\/coaching\/wp-content\/uploads\/2021\/10\/colour-150x150.png 150w, https:\/\/gwps.pl\/coaching\/wp-content\/uploads\/2021\/10\/colour-100x100.png 100w\" sizes=\"(max-width: 512px) 100vw, 512px\" \/><\/figure><\/div>\n\n<h2 class=\"wp-block-heading has-text-align-center has-large-font-size\">Coaching PowerUp<\/h2>\n\n<h3 class=\"wp-block-heading has-text-align-center has-text-color has-normal-font-size\" style=\"color:#9c9c9c\">Warsztat rozwojowy dla coach\u00f3w<\/h3>\n\n<hr class=\"wp-block-separator has-text-color has-accent-1-color has-css-opacity has-accent-1-background-color has-background is-style-default\"\/>\n\n<p class=\"has-text-align-center Center-block\">Zapraszamy&nbsp;na warsztat po\u0142\u0105czone z superwizj\u0105 coachingu. Aktywny wypoczynek przy efektywnej nauce i poznawaniu do\u015bwiadcze\u0144 innych uczestnik\u00f3w mo\u017ce by\u0107 wspania\u0142ym prze\u017cyciem towarzyskim.<\/p>\n\n<div class=\"wp-block-buttons is-vertical is-content-justification-center is-layout-flex wp-container-core-buttons-is-layout-9a7cdcfd wp-block-buttons-is-layout-flex\"><div class=\"wp-block-button has-custom-width wp-block-button__width-100 has-custom-font-size is-style-fill has-normal-font-size\"><a class=\"wp-block-button__link has-accent-1-background-color has-background wp-element-button\" href=\"https:\/\/gwps.pl\/coaching\/coaching-power-up\/\" style=\"border-radius:5px\">Szczeg\u00f3\u0142y warsztatu &#8230;<\/a><\/div><\/div><\/div><\/div>\n\n<div style=\"height:100px\" aria-hidden=\"true\" class=\"wp-block-spacer\"><\/div>\n\n<div class=\"wp-block-group Center-block\"><div class=\"wp-block-group__inner-container is-layout-flow wp-block-group-is-layout-flow\">\n\n<h1 class=\"has-text-align-center wp-block-site-title\"><a href=\"https:\/\/gwps.pl\/coaching\" target=\"_self\" rel=\"home\">GWPS Szko\u0142a Coachingu<\/a><\/h1>\n\n<p class=\"has-text-align-center wp-block-site-tagline\">Monika Zubrzycka-Nowak<\/p>\n\n<p class=\"has-text-align-center\">Od 1998 roku zajmujemy si\u0119 rozwojem osobistym cz\u0142owieka i wspieramy rozw\u00f3j organizacji.<br>Promujemy coaching, jako skuteczn\u0105, inspiruj\u0105c\u0105 metod\u0119 doskonalenia osobistego i podnoszenia efektywno\u015bci biznesowej zespo\u0142\u00f3w.<\/p>\n\n<p class=\"has-text-align-center\">Zrealizowali\u015bmy kilkana\u015bcie edycji rocznego Studium Coacha (autorski program kszta\u0142c\u0105cy zgodnie ze standardami Izby Coachingu i International Coaching Federation postaw\u0119 i przygotowuj\u0105cy do pracy coacha oraz doskonal\u0105cy warsztat pracy os\u00f3b ju\u017c zajmuj\u0105cych si\u0119 coachingiem). Aktywnie dzia\u0142amy w polskiej Izbie Coachingu oraz Polskim Stowarzyszeniu Coachingu i Rozwoju. Wsp\u00f3\u0142pracujemy i wymieniamy wiedz\u0119 oraz do\u015bwiadczenia z organizacjami i szko\u0142ami coachingowymi w Europie w ramach program\u00f3w Unii Europejskiej.<\/p><\/div><\/div>\n\n<div style=\"height:64px\" aria-hidden=\"true\" class=\"wp-block-spacer\"><\/div>\n\n<figure class=\"wp-block-embed is-type-video is-provider-youtube wp-block-embed-youtube wp-embed-aspect-16-9 wp-has-aspect-ratio\"><div class=\"wp-block-embed__wrapper\">\n<iframe title=\"Czym jest Studium Coacha Life\" width=\"1034\" height=\"582\" src=\"https:\/\/www.youtube.com\/embed\/3-OGkGwLfks?feature=oembed\" frameborder=\"0\" allow=\"accelerometer; autoplay; clipboard-write; encrypted-media; gyroscope; picture-in-picture; web-share\" referrerpolicy=\"strict-origin-when-cross-origin\" allowfullscreen><\/iframe>\n<\/div><\/figure><\/div><\/div><\/div><\/div><\/div><h2 class=\"wp-block-heading has-text-align-center section-header\" id=\"najblzsze-wydarzenia-19f3d1d5-2269-4195-8ada-882b4ba9ee05\">Najbli\u017csze wydarzenia<\/h2><div class=\"mec-wrap mec-skin-carousel-container \" id=\"mec_skin_621\">\r\n        <div class=\"mec-skin-carousel-events-container\" id=\"mec_skin_events_621\">\r\n        Nie odnaleziono wydarze\u0144!    <\/div>\r\n    <\/div><h2 class=\"wp-block-heading has-text-align-center section-header\" id=\"aktualne-promocje-792ceaf7-978e-4245-9ee5-6150487e1f84\">Zarezerwuj miejsce ju\u017c dzi\u015b<\/h2><div style=\"height:48px\" aria-hidden=\"true\" class=\"wp-block-spacer\"><\/div><div data-align-buttons=\"true\" data-block-name=\"woocommerce\/product-category\" data-categories=\"[23,22]\" data-content-visibility=\"{&quot;title&quot;:true,&quot;price&quot;:true,&quot;rating&quot;:false,&quot;button&quot;:true}\" data-orderby=\"popularity\" data-rows=\"1\" class=\"wc-block-grid wp-block-product-category wp-block-woocommerce-product-category wc-block-product-category has-3-columns has-aligned-buttons\"><ul class=\"wc-block-grid__products\"><li class=\"wc-block-grid__product\">\n\t\t\t\t<a href=\"https:\/\/gwps.pl\/coaching\/produkt\/coaching-powerup\/\" class=\"wc-block-grid__product-link\">\n\t\t\t\t\t\n\t\t\t\t\t<div class=\"wc-block-grid__product-image\"><img decoding=\"async\" width=\"300\" height=\"300\" src=\"https:\/\/gwps.pl\/coaching\/wp-content\/uploads\/2021\/09\/Coaching_PowerUp_600_600-300x300.jpg\" class=\"attachment-woocommerce_thumbnail size-woocommerce_thumbnail\" alt=\"Coaching PowerUp - proces coachingu, superwizja, ustawienia systemowe\" srcset=\"https:\/\/gwps.pl\/coaching\/wp-content\/uploads\/2021\/09\/Coaching_PowerUp_600_600-300x300.jpg 300w, https:\/\/gwps.pl\/coaching\/wp-content\/uploads\/2021\/09\/Coaching_PowerUp_600_600-100x100.jpg 100w, https:\/\/gwps.pl\/coaching\/wp-content\/uploads\/2021\/09\/Coaching_PowerUp_600_600-150x150.jpg 150w, https:\/\/gwps.pl\/coaching\/wp-content\/uploads\/2021\/09\/Coaching_PowerUp_600_600.jpg 600w\" sizes=\"(max-width: 300px) 100vw, 300px\" \/><\/div>\n\t\t\t\t\t<div class=\"wc-block-grid__product-title\">Coaching PowerUp<\/div>\n\t\t\t\t<\/a>\n\t\t\t\t<div class=\"wc-block-grid__product-price price\"><span class=\"woocommerce-Price-amount amount\"><bdi>770,00&nbsp;<span class=\"woocommerce-Price-currencySymbol\">&#122;&#322;<\/span><\/bdi><\/span> &ndash; <span class=\"woocommerce-Price-amount amount\"><bdi>920,00&nbsp;<span class=\"woocommerce-Price-currencySymbol\">&#122;&#322;<\/span><\/bdi><\/span><\/div>\n\t\t\t\t\n\t\t\t\t<div class=\"wp-block-button wc-block-grid__product-add-to-cart\"><a href=\"https:\/\/gwps.pl\/coaching\/produkt\/coaching-powerup\/\" aria-label=\"Wybierz opcje dla &bdquo;Coaching PowerUp&rdquo;\" data-quantity=\"1\" data-product_id=\"614\" data-product_sku=\"\" data-price=\"770\" rel=\"nofollow\" class=\"wp-block-button__link  add_to_cart_button\">Wybierz opcje<\/a><\/div>\n\t\t\t<\/li><li class=\"wc-block-grid__product\">\n\t\t\t\t<a href=\"https:\/\/gwps.pl\/coaching\/produkt\/humor-i-paradoks-w-coachingu\/\" class=\"wc-block-grid__product-link\">\n\t\t\t\t\t\n\t\t\t\t\t<div class=\"wc-block-grid__product-image\"><img decoding=\"async\" width=\"300\" height=\"300\" src=\"https:\/\/gwps.pl\/coaching\/wp-content\/uploads\/2022\/11\/humor_paradoks_coaching_logo_600_600-300x300.jpg\" class=\"attachment-woocommerce_thumbnail size-woocommerce_thumbnail\" alt=\"Humor i paradoks w coachingu - warsztat coachingu\" srcset=\"https:\/\/gwps.pl\/coaching\/wp-content\/uploads\/2022\/11\/humor_paradoks_coaching_logo_600_600-300x300.jpg 300w, https:\/\/gwps.pl\/coaching\/wp-content\/uploads\/2022\/11\/humor_paradoks_coaching_logo_600_600-150x150.jpg 150w, https:\/\/gwps.pl\/coaching\/wp-content\/uploads\/2022\/11\/humor_paradoks_coaching_logo_600_600-600x600.jpg 600w, https:\/\/gwps.pl\/coaching\/wp-content\/uploads\/2022\/11\/humor_paradoks_coaching_logo_600_600-100x100.jpg 100w, https:\/\/gwps.pl\/coaching\/wp-content\/uploads\/2022\/11\/humor_paradoks_coaching_logo_600_600.jpg 602w\" sizes=\"(max-width: 300px) 100vw, 300px\" \/><\/div>\n\t\t\t\t\t<div class=\"wc-block-grid__product-title\">Humor i paradoks w coachingu<\/div>\n\t\t\t\t<\/a>\n\t\t\t\t<div class=\"wc-block-grid__product-price price\"><\/div>\n\t\t\t\t\n\t\t\t\t<div class=\"wp-block-button wc-block-grid__product-add-to-cart\"><a href=\"https:\/\/gwps.pl\/coaching\/produkt\/humor-i-paradoks-w-coachingu\/\" aria-label=\"Wybierz opcje dla &bdquo;Humor i paradoks w coachingu&rdquo;\" data-quantity=\"1\" data-product_id=\"3328\" data-product_sku=\"\" data-price=\"0\" rel=\"nofollow\" class=\"wp-block-button__link  add_to_cart_button\">Dowiedz si\u0119 wi\u0119cej<\/a><\/div>\n\t\t\t<\/li><\/ul><\/div><p><\/p>","protected":false},"excerpt":{"rendered":"<p>Najbli\u017csze wydarzenia Zarezerwuj miejsce ju\u017c dzi\u015b<\/p>\n","protected":false},"author":1,"featured_media":0,"parent":0,"menu_order":0,"comment_status":"closed","ping_status":"closed","template":"","meta":{"footnotes":""},"class_list":["post-70","page","type-page","status-publish","hentry"],"_links":{"self":[{"href":"https:\/\/gwps.pl\/coaching\/wp-json\/wp\/v2\/pages\/70","targetHints":{"allow":["GET"]}}],"collection":[{"href":"https:\/\/gwps.pl\/coaching\/wp-json\/wp\/v2\/pages"}],"about":[{"href":"https:\/\/gwps.pl\/coaching\/wp-json\/wp\/v2\/types\/page"}],"author":[{"embeddable":true,"href":"https:\/\/gwps.pl\/coaching\/wp-json\/wp\/v2\/users\/1"}],"replies":[{"embeddable":true,"href":"https:\/\/gwps.pl\/coaching\/wp-json\/wp\/v2\/comments?post=70"}],"version-history":[{"count":22,"href":"https:\/\/gwps.pl\/coaching\/wp-json\/wp\/v2\/pages\/70\/revisions"}],"predecessor-version":[{"id":4014,"href":"https:\/\/gwps.pl\/coaching\/wp-json\/wp\/v2\/pages\/70\/revisions\/4014"}],"wp:attachment":[{"href":"https:\/\/gwps.pl\/coaching\/wp-json\/wp\/v2\/media?parent=70"}],"curies":[{"name":"wp","href":"https:\/\/api.w.org\/{rel}","templated":true}]}}