{"id":792,"date":"2013-04-15T19:48:54","date_gmt":"2013-04-15T19:48:54","guid":{"rendered":"http:\/\/gwps.vot.pl\/?page_id=2"},"modified":"2021-09-28T08:37:53","modified_gmt":"2021-09-28T08:37:53","slug":"onas","status":"publish","type":"page","link":"https:\/\/gwps.pl\/coaching\/onas\/","title":{"rendered":"O nas"},"content":{"rendered":"<h2 class=\"wp-block-heading\">Rozleg\u0142a i\u00a0przekrojowa wiedza<\/h2><p>Gda\u0144skie Wydawnictwo Psychologiczne Szkolenia jako jedna z pierwszych szk\u00f3\u0142 coachingu w Polsce bazuje na unikalnym do\u015bwiadczeniu i praktyce. Nasz\u0105 wiedz\u0119 i umiej\u0119tno\u015bci opieramy na wieloletnim studiowaniu i do\u015bwiadczaniu coachingu i treningu pod okiem wytrawnych coach\u00f3w praktyk\u00f3w o mi\u0119dzynarodowym uznaniu, w tym mi\u0119dzy innymi: Roberta Diltsa, Josepha Riggio, Richarda Bolstada, Franka Farrelly\u2019ego, Suzy Smith, Johna Grindera. Rozwijali\u015bmy tak\u017ce umiej\u0119tno\u015bci z r\u00f3\u017cnych innych obszar\u00f3w oddzia\u0142ywania na cz\u0142owieka takich jak kinezjologia, gry rozwojowe, ruch spontaniczny, taniec pi\u0119ciu rytm\u00f3w,&nbsp; relaks, praca z oddechem, ustawienia rodzin, medytacja, hipnoza, joga, Qi-Gong\u2026 Zaplecze teoretyczne stanowi\u0105 najnowsze wyniki bada\u0144&nbsp; psychologicznych, neurobiologicznych, medycznych, spo\u0142ecznych.<\/p><p>W programie szkoleniowym pos\u0142ugujemy si\u0119 kilkoma modelami:<\/p><ul class=\"wp-block-list\"><li>rozwoju \u015bwiadomo\u015bci cz\u0142owieka wg. Clare\u2019a Gravesa,<\/li><li>kompetencji coacha wg. Roberta Diltsa,<\/li><li>kreowania swojego \u017cycia \u201eMythoself\u201d Josepha Riggio<\/li><li>oraz naukowymi modelami obja\u015bniaj\u0105cymi funkcjonowanie m\u00f3zgu i wzajemne zale\u017cno\u015bci pomi\u0119dzy do\u015bwiadczaniem, odczuwaniem, my\u015bleniem i tworzeniem.<\/li><li>Fascynuje nas podej\u015bcie integralne do rozwoju cz\u0142owieka propagowane przez Kena Wilbera.<\/li><\/ul><p>\u0141\u0105czymy podej\u015bcie lewop\u00f3\u0142kulowe \u2013 logiczne, racjonalne z metodami pracy anga\u017cuj\u0105cymi w wi\u0119kszym stopniu praw\u0105 p\u00f3\u0142kul\u0119 takie jak praca na symbolach (np.: rysunek, metafora\u2026), ruch (np.: przechodzenie przez stany, lini\u0119 czasu\u2026), odgrywanie r\u00f3l (np.: ja z przysz\u0142o\u015bci, mentorzy\u2026), rytm (np.: techniki pami\u0119ciowe, relaksacyjne\u2026) i wieloma innymi. Zapoznajemy tak\u017ce uczestnik\u00f3w z najnowszymi metodami pracy w coachingu takimi jak Clean Language, Symbollic Modelling, Clean Space, Six Steps, podej\u015bcie prowokatywne, gry coachingowe\u2026 K\u0142adziemy nacisk na samodzielne \u0142\u0105czenie r\u00f3\u017cnych technik, modeli&nbsp; i podej\u015b\u0107 w zgodzie z indywidualnymi upodobaniami, predyspozycjami (np.: architekt tworzy z coachowanym tr\u00f3jwymiarowy uk\u0142ad przestrzenny relacji w konwencji japo\u0144skich ogrod\u00f3w, muzyk poszukuje z coachowanym d\u017awi\u0119ku odzwierciedlaj\u0105cego uczucia, trener yogi k\u0142adzie nacisk na odegranie cia\u0142em strategii podejmowania decyzji\u2026).<\/p><h2 class=\"wp-block-heading\">Aktywne\u00a0wsp\u00f3\u0142tworzenie rynku coachingu<\/h2><p>B\u0119d\u0105c cz\u0142onkiem-za\u0142o\u017cycielem Izby Coachingu oraz cz\u0142onkiem Polskiego Stowarzyszenia Coachingu i Rozwoju jeste\u015bmy aktywnym propagatorem idei coachingu w Polsce i Europie. Wsp\u00f3\u0142tworzymy regulacje i standardy zawodu coacha oraz superwizji w kraju.<\/p><p>Nasza&nbsp;<em>szko\u0142a coachingu<\/em>&nbsp;uczestniczy w mi\u0119dzynarodowych projektach wymiany wiedzy i praktyki poprzez programy finansowane przez fundusze Gruntvig i Leonardo jak i poprzez wsp\u00f3\u0142prac\u0119 partnersk\u0105 z organizacjami wsparcia organizacyjnego, zawodowego i osobistego w Europie.<\/p><h2 class=\"wp-block-heading\">Silna pozycja i uznanie<\/h2><p>Jeste\u015bmy uznan\u0105 na rynku mark\u0105 \u015bci\u015ble zwi\u0105zan\u0105 popularno-naukowym wydawnictwem psychologicznym (<a href=\"http:\/\/gwp.pl\/\" target=\"_blank\" rel=\"noreferrer noopener\">Gda\u0144skie Wydawnictwo Psychologiczne<\/a>), na kt\u00f3rego publikacjach i wsp\u00f3\u0142pracy z autorami opieramy du\u017c\u0105 cz\u0119\u015b\u0107 naszego programu nauczania. Bierzemy czynny udzia\u0142 w \u017cyciu publicznym poprzez udzia\u0142 w akcjach spo\u0142eczno-edukacyjnych,&nbsp;<a href=\"https:\/\/gwps.pl\/coaching-warszawa\/blog\/wystapienia-publikacje-imprezy-media\/\">wyst\u0105pienia w mediach<\/a>&nbsp;oraz &nbsp;aktywno\u015b\u0107 w prasie i mediach specjalistycznych.<\/p><p>Elastyczno\u015b\u0107 i uwa\u017cne analizowanie trend\u00f3w rynkowo-spo\u0142ecznych pozwala nam na oferowanie najwy\u017cszej jako\u015bci warsztat\u00f3w, szkole\u0144 i us\u0142ug coachingowych poprzez ci\u0105g\u0142e dostosowywanie ich do zmieniaj\u0105cych potrzeb klient\u00f3w oraz otoczenia biznesowego i zawodowego.<\/p><p>Dok\u0142adamy stara\u0144 do oferowania najwy\u017cszej jako\u015bci us\u0142ug, metod i programu szkole\u0144 poprzez dostosowywanie do wymog\u00f3w nie tylko polskich instytucji akredytuj\u0105cych, takich jak polska&nbsp;<a href=\"http:\/\/www.izbacoachingu.com\/\">Izba Coachingu<\/a>, ale i mi\u0119dzynarodowych, jak ICF i WABC.<\/p><h2 class=\"wp-block-heading\">Wieloletnie do\u015bwiadczenie \u2013 jedna z\u00a0najstarszych szk\u00f3\u0142 coachingu\u00a0w Polsce<\/h2><p>Gda\u0144skie Wydawnictwo Psychologiczne Szkolenia zosta\u0142o za\u0142o\u017cone w 1994 roku przez&nbsp;<a href=\"https:\/\/gwps.pl\/coaching-warszawa\/blog\/monika-zubrzycka-nowak\/\">Monik\u0119 Zubrzyck\u0105-Nowak<\/a>. Wsp\u00f3lnie z Ul\u0105 Sadomsk\u0105 uruchomi\u0142y autorski kurs coachingu. Od roku 2000 kurs przybra\u0142 samodzieln\u0105 sformalizowan\u0105 form\u0119 pod nazw\u0105 Studium Coachingu. Od roku 2008 we wsp\u00f3\u0142pracy z&nbsp;<a href=\"https:\/\/gwps.pl\/coaching-warszawa\/blog\/katarzyna-rybczynska\/\">Katarzyna Rybczy\u0144sk\u0105<\/a>, a dzi\u015b w znacznie wi\u0119kszym gronie wyk\u0142adowc\u00f3w i organizator\u00f3w odby\u0142o si\u0119 ju\u017c kilkana\u015bcie edycji i wykszta\u0142conych zosta\u0142o kilkaset os\u00f3b. W wielu przypadkach szerz\u0105 one z powodzeniem coachingowy model rozwoju cz\u0142owieka zar\u00f3wno w sferze zawodowej jak i osobistej. Jeste\u015bmy dumni z rezultat\u00f3w naszych absolwent\u00f3w. \u017byczymy im powodzenia i sukces\u00f3w.<\/p><h2 class=\"wp-block-heading\">Wszechstronni wyk\u0142adowcy praktycy<\/h2><p>Wyk\u0142adowcy pochodz\u0105 si\u0119 r\u00f3\u017cnych \u015brodowisk. Dysponuj\u0105 odmiennym do\u015bwiadczeniem, wykszta\u0142ceniem, specjalizacj\u0105 zawodow\u0105 i kompetencjami. Dzi\u0119ki temu prowadzimy naprawd\u0119 ciekawe warsztaty, a nasza wiedza podlega ci\u0105g\u0142ej weryfikacji z bardzo zr\u00f3\u017cnicowanych punkt\u00f3w widzenia. Kszta\u0142cimy si\u0119 w spos\u00f3b ci\u0105g\u0142y i zdecydowanie indywidualny, a to daje nam mo\u017cliwo\u015b\u0107 prezentowania wiedzy komplementarnej z uwzgl\u0119dnieniem wielu specyficznych aspekt\u00f3w \u017cycia osobistego, rodzinnego, zawodowego, jak i bogatych czynnik\u00f3w organizacyjnych.<\/p><h2 class=\"wp-block-heading\">Aktywna i wymagaj\u0105ca forma\u00a0zaj\u0119\u0107<\/h2><p>Szkolenia i warsztaty coachingowe opieraj\u0105 si\u0119 prawdziwe, rzeczywiste zagadnienia i przyk\u0142ady z \u017cycia zawodowego naszych klient\u00f3w, student\u00f3w, absolwent\u00f3w. Uczestnicy bior\u0105 na tapet\u0119 w\u0142asne, czasem bardzo osobiste, wyzwania i kryzysy, by pozna\u0107 na sobie samym skuteczno\u015b\u0107 i efektywno\u015b\u0107 nabywanych metod i umiej\u0119tno\u015bci. Niezwykle istotne jest by kursanci poznali si\u0142\u0119 i tempo zmian oraz skutki, kt\u00f3re mog\u0105 one wprowadzi\u0107 w naszej rzeczywisto\u015b\u0107 rodzinnej lub firmowej. Pracujemy w zespo\u0142ach pod sta\u0142\u0105 opiek\u0105 dw\u00f3jki lub tr\u00f3jki prowadz\u0105cych. Udzielamy porad i informacji zwrotnej na bie\u017c\u0105co lub podczas okresowych superwizji. Podczas kszta\u0142cenia zapewniamy bezpieczn\u0105, komfortow\u0105 atmosfer\u0119 i otoczenie. Zachowuj\u0105c pe\u0142n\u0105 poufno\u015b\u0107 i prywatno\u015b\u0107 prezentowanych zagadnie\u0144 oczekujemy uczciwo\u015bci, otwarto\u015bci i solidno\u015bci w wykonywaniu \u0107wicze\u0144 podczas zaj\u0119\u0107 i pracy samodzielnej. Studium ko\u0144czymy wymagaj\u0105cym egzaminem weryfikuj\u0105cym nie tylko opanowanie metod i wiedzy, ale sprawdzaj\u0105cym postaw\u0119 coacha.<\/p><p>Serdecznie zapraszamy na uczciw\u0105, solidn\u0105 popart\u0105 ponad 10-letni\u0105 tradycj\u0105, dawk\u0119 warto\u015bciowej, cennej i unikalnej wiedzy, kt\u00f3ra nie tylko przeobrazi Wasz punkt widzenia, ale zmieni na lepsze wasze otoczenie. Przy zmianie jakiej dokonacie w sobie Wasze otoczenie nie b\u0119dzie mia\u0142o wyj\u015bcia \u2013 b\u0119dzie musia\u0142o si\u0119 dostosowa\u0107. \ud83d\ude42<\/p>","protected":false},"excerpt":{"rendered":"<p>Rozleg\u0142a i\u00a0przekrojowa wiedza Gda\u0144skie Wydawnictwo Psychologiczne Szkolenia jako jedna z pierwszych szk\u00f3\u0142 coachingu w Polsce bazuje na unikalnym do\u015bwiadczeniu i praktyce. Nasz\u0105 wiedz\u0119 i umiej\u0119tno\u015bci opieramy na wieloletnim &hellip;<\/p>\n","protected":false},"author":1,"featured_media":0,"parent":0,"menu_order":0,"comment_status":"closed","ping_status":"open","template":"","meta":{"footnotes":""},"class_list":["post-792","page","type-page","status-publish","hentry"],"_links":{"self":[{"href":"https:\/\/gwps.pl\/coaching\/wp-json\/wp\/v2\/pages\/792","targetHints":{"allow":["GET"]}}],"collection":[{"href":"https:\/\/gwps.pl\/coaching\/wp-json\/wp\/v2\/pages"}],"about":[{"href":"https:\/\/gwps.pl\/coaching\/wp-json\/wp\/v2\/types\/page"}],"author":[{"embeddable":true,"href":"https:\/\/gwps.pl\/coaching\/wp-json\/wp\/v2\/users\/1"}],"replies":[{"embeddable":true,"href":"https:\/\/gwps.pl\/coaching\/wp-json\/wp\/v2\/comments?post=792"}],"version-history":[{"count":0,"href":"https:\/\/gwps.pl\/coaching\/wp-json\/wp\/v2\/pages\/792\/revisions"}],"wp:attachment":[{"href":"https:\/\/gwps.pl\/coaching\/wp-json\/wp\/v2\/media?parent=792"}],"curies":[{"name":"wp","href":"https:\/\/api.w.org\/{rel}","templated":true}]}}